{"id":6073,"date":"2024-08-27T06:54:30","date_gmt":"2024-08-27T06:54:30","guid":{"rendered":"https:\/\/huystudios.com\/?page_id=6073"},"modified":"2025-12-12T08:47:25","modified_gmt":"2025-12-12T08:47:25","slug":"tops","status":"publish","type":"page","link":"https:\/\/huystudios.com\/vi\/tops\/","title":{"rendered":"Tops"},"content":{"rendered":"<div data-elementor-type=\"wp-page\" data-elementor-id=\"6073\" class=\"elementor elementor-6073\" data-elementor-post-type=\"page\">\n\t\t\t\t<div class=\"elementor-element elementor-element-1a92b93 e-con-full e-flex wpr-particle-no wpr-jarallax-no wpr-parallax-no wpr-sticky-section-no e-con e-parent\" data-id=\"1a92b93\" data-element_type=\"container\">\n\t\t\t\t<div class=\"elementor-element elementor-element-d433b2f elementor-widget elementor-widget-shortcode\" data-id=\"d433b2f\" data-element_type=\"widget\" data-widget_type=\"shortcode.default\">\n\t\t\t\t<div class=\"elementor-widget-container\">\n\t\t\t\t\t\t\t<div class=\"elementor-shortcode\">\n<div class=\"woocommerce columns-4\"><div class=\"woocommerce-notices-wrapper\"><\/div>    <div class=\"custom-toolbar-ui-v3\" style=\"display: flex; justify-content: space-between; align-items: center; margin-bottom: 10px;\">\n        <!-- SORT toggle -->\n        <div id=\"sort-toggle\" style=\"display: flex; align-items: center; cursor: pointer;\">\n            <span style=\"display: inline-flex; align-items: center; margin-right: 6px;\">\n                <svg width=\"18\" height=\"18\" viewbox=\"0 0 24 24\" fill=\"none\" stroke=\"black\" stroke-width=\"2\" stroke-linecap=\"round\" stroke-linejoin=\"round\">\n                    <line x1=\"3\" y1=\"6\" x2=\"21\" y2=\"6\" \/>\n                    <line x1=\"3\" y1=\"12\" x2=\"15\" y2=\"12\" \/>\n                    <line x1=\"3\" y1=\"18\" x2=\"9\" y2=\"18\" \/>\n                    <circle cx=\"21\" cy=\"6\" r=\"2\" \/>\n                    <circle cx=\"15\" cy=\"12\" r=\"2\" \/>\n                    <circle cx=\"9\" cy=\"18\" r=\"2\" \/>\n                <\/svg>\n            <\/span>\n            <span style=\"font-family: 'Archivo', sans-serif; font-weight: 400;\">SORT<\/span>\n        <\/div>\n\n        <!-- ITEMS -->\n        <div class=\"custom-items-count\" style=\"font-family: 'Archivo', sans-serif; font-weight: 400;\">\n            3 ITEMS\n        <\/div>\n    <\/div>\n\n    <!-- Sort Options -->\n    <div id=\"sort-options\" style=\"display: none; margin-bottom: 20px; font-family: 'Archivo', sans-serif; font-weight: 400;\">\n        <div style=\"margin: 4px 0;\"><a href=\"\/vi\/wp-json\/wp\/v2\/pages\/6073?orderby=menu_order\" style=\"text-decoration: none; color: #000;\" data-no-translation=\"\" data-trp-gettext=\"\">Th\u1ee9 t\u1ef1 m\u1eb7c \u0111\u1ecbnh<\/a><\/div><div style=\"margin: 4px 0;\"><a href=\"\/vi\/wp-json\/wp\/v2\/pages\/6073?orderby=popularity\" style=\"text-decoration: none; color: #000;\" data-no-translation=\"\" data-trp-gettext=\"\">Th\u1ee9 t\u1ef1 theo m\u1ee9c \u0111\u1ed9 ph\u1ed5 bi\u1ebfn<\/a><\/div><div style=\"margin: 4px 0;\"><a href=\"\/vi\/wp-json\/wp\/v2\/pages\/6073?orderby=rating\" style=\"text-decoration: none; color: #000;\" data-no-translation=\"\" data-trp-gettext=\"\">Th\u1ee9 t\u1ef1 theo \u0111i\u1ec3m \u0111\u00e1nh gi\u00e1<\/a><\/div><div style=\"margin: 4px 0;\"><a href=\"\/vi\/wp-json\/wp\/v2\/pages\/6073?orderby=date\" style=\"text-decoration: none; color: #000;\" data-no-translation=\"\" data-trp-gettext=\"\">M\u1edbi nh\u1ea5t<\/a><\/div><div style=\"margin: 4px 0;\"><a href=\"\/vi\/wp-json\/wp\/v2\/pages\/6073?orderby=price\" style=\"text-decoration: none; color: #000;\" data-no-translation=\"\" data-trp-gettext=\"\">Th\u1ee9 t\u1ef1 theo gi\u00e1: th\u1ea5p \u0111\u1ebfn cao<\/a><\/div><div style=\"margin: 4px 0;\"><a href=\"\/vi\/wp-json\/wp\/v2\/pages\/6073?orderby=price-desc\" style=\"text-decoration: none; color: #000;\" data-no-translation=\"\" data-trp-gettext=\"\">Th\u1ee9 t\u1ef1 theo gi\u00e1: cao xu\u1ed1ng th\u1ea5p<\/a><\/div>    <\/div>\n\n    <style>\n        .custom-toolbar-ui-v3 {\n            padding-left: 30px;\n            padding-right: 30px;\n        }\n        @media (max-width: 767px) {\n            .custom-toolbar-ui-v3 {\n                padding-left: 10px;\n                padding-right: 10px;\n            }\n        }\n        .custom-toolbar-ui-v3 span,\n        .custom-items-count,\n        #sort-options {\n            font-family: 'Archivo', sans-serif;\n            font-weight: 400;\n            font-size: 12px;\n        }\n        @media (max-width: 767px) {\n            .custom-toolbar-ui-v3 span,\n            .custom-items-count,\n            #sort-options {\n                font-size: 10px;\n            }\n        }\n        .woof_products_top_panel {\n            display: none !important;\n        }\n    <\/style>\n\n    <script>\n        document.addEventListener('DOMContentLoaded', function () {\n            const toggle = document.getElementById('sort-toggle');\n            const options = document.getElementById('sort-options');\n            toggle.addEventListener('click', function () {\n                options.style.display = options.style.display === 'none' ? 'block' : 'none';\n            });\n        });\n    <\/script>\n    <ul class=\"products columns-4\">\n<li class=\"product type-product post-21123 status-publish first instock product_cat-set product_cat-ss25 product_cat-top has-post-thumbnail taxable shipping-taxable purchasable product-type-variable\">\n\t<a href=\"https:\/\/huystudios.com\/vi\/san-pham\/lunar-top\/\" class=\"woocommerce-LoopProduct-link woocommerce-loop-product__link\"><img fetchpriority=\"high\" decoding=\"async\" width=\"1080\" height=\"1440\" src=\"https:\/\/huystudios.com\/wp-content\/uploads\/2025\/12\/Untitled-Session0446.jpeg\" class=\"attachment-woocommerce_thumbnail size-woocommerce_thumbnail\" alt=\"Lunar Top\" srcset=\"https:\/\/huystudios.com\/wp-content\/uploads\/2025\/12\/Untitled-Session0446.jpeg 1080w, https:\/\/huystudios.com\/wp-content\/uploads\/2025\/12\/Untitled-Session0446-225x300.jpeg 225w, https:\/\/huystudios.com\/wp-content\/uploads\/2025\/12\/Untitled-Session0446-768x1024.jpeg 768w, https:\/\/huystudios.com\/wp-content\/uploads\/2025\/12\/Untitled-Session0446-9x12.jpeg 9w, https:\/\/huystudios.com\/wp-content\/uploads\/2025\/12\/Untitled-Session0446-64x85.jpeg 64w\" sizes=\"(max-width: 1080px) 100vw, 1080px\" \/><h2 class=\"woocommerce-loop-product__title\">Lunar Top<\/h2>\n\t<span class=\"price\"><span class=\"wcpbc-price wcpbc-price-21123\" data-product-id=\"21123\"><span class=\"woocommerce-Price-amount amount\"><bdi>650,000&nbsp;<span class=\"woocommerce-Price-currencySymbol\">&#8363;<\/span><\/bdi><\/span><\/span><\/span>\n<span class=\"dalya-overlay-gallery-data shop-overlay-gallery-data\" data-product-id=\"21123\" data-images=\"[&quot;https:\\\/\\\/huystudios.com\\\/wp-content\\\/uploads\\\/2025\\\/12\\\/Untitled-Session0446.jpeg&quot;,&quot;https:\\\/\\\/huystudios.com\\\/wp-content\\\/uploads\\\/2025\\\/12\\\/Untitled-Session0464-copy.jpeg&quot;,&quot;https:\\\/\\\/huystudios.com\\\/wp-content\\\/uploads\\\/2025\\\/12\\\/Untitled-Session0470.jpeg&quot;,&quot;https:\\\/\\\/huystudios.com\\\/wp-content\\\/uploads\\\/2025\\\/12\\\/Untitled-Session0471.jpeg&quot;,&quot;https:\\\/\\\/huystudios.com\\\/wp-content\\\/uploads\\\/2025\\\/12\\\/Untitled-Session0472.jpeg&quot;,&quot;https:\\\/\\\/huystudios.com\\\/wp-content\\\/uploads\\\/2025\\\/12\\\/Untitled-Session0423_DATA-copy.jpeg&quot;,&quot;https:\\\/\\\/huystudios.com\\\/wp-content\\\/uploads\\\/2025\\\/12\\\/Untitled-Session0424-copy.jpeg&quot;,&quot;https:\\\/\\\/huystudios.com\\\/wp-content\\\/uploads\\\/2025\\\/12\\\/Untitled-Session0112-copy.jpeg&quot;,&quot;https:\\\/\\\/huystudios.com\\\/wp-content\\\/uploads\\\/2025\\\/12\\\/Untitled-Session0138-copy.jpeg&quot;,&quot;https:\\\/\\\/huystudios.com\\\/wp-content\\\/uploads\\\/2025\\\/12\\\/Untitled-Session0158-copy.jpeg&quot;,&quot;https:\\\/\\\/huystudios.com\\\/wp-content\\\/uploads\\\/2025\\\/12\\\/Untitled-Session0172.jpeg&quot;,&quot;https:\\\/\\\/huystudios.com\\\/wp-content\\\/uploads\\\/2025\\\/12\\\/Untitled-Session0179.jpeg&quot;,&quot;https:\\\/\\\/huystudios.com\\\/wp-content\\\/uploads\\\/2025\\\/12\\\/Untitled-Session0197-copy.jpeg&quot;,&quot;https:\\\/\\\/huystudios.com\\\/wp-content\\\/uploads\\\/2025\\\/12\\\/Untitled-Session0201.jpeg&quot;]\" style=\"display:none !important;\"><\/span><\/a><a href=\"https:\/\/huystudios.com\/vi\/san-pham\/lunar-top\/\" aria-describedby=\"woocommerce_loop_add_to_cart_link_describedby_21123\" data-quantity=\"1\" class=\"button product_type_variable add_to_cart_button cfvsw_ajax_add_to_cart\" data-product_id=\"21123\" data-product_sku=\"\" aria-label=\"L\u1ef1a ch\u1ecdn cho \u201cLunar Top\u201d\" rel=\"nofollow\" data-add_to_cart_text=\"Add to Cart\" data-select_options_text=\"L\u1ef1a ch\u1ecdn t\u00f9y ch\u1ecdn\" data-no-translation=\"\" data-trp-gettext=\"\" data-no-translation-aria-label=\"\" data-no-translation-data-select_options_text=\"\">L\u1ef1a ch\u1ecdn t\u00f9y ch\u1ecdn<\/a>\t<span id=\"woocommerce_loop_add_to_cart_link_describedby_21123\" class=\"screen-reader-text\">\n\t\tS\u1ea3n ph\u1ea9m n\u00e0y c\u00f3 nhi\u1ec1u bi\u1ebfn th\u1ec3. C\u00e1c t\u00f9y ch\u1ecdn c\u00f3 th\u1ec3 \u0111\u01b0\u1ee3c ch\u1ecdn tr\u00ean trang s\u1ea3n ph\u1ea9m\t<\/span>\n<\/li>\n<li class=\"product type-product post-21128 status-publish instock product_cat-set product_cat-ss25 product_cat-top has-post-thumbnail taxable shipping-taxable purchasable product-type-variable\">\n\t<a href=\"https:\/\/huystudios.com\/vi\/san-pham\/opal-top\/\" class=\"woocommerce-LoopProduct-link woocommerce-loop-product__link\"><img decoding=\"async\" width=\"1921\" height=\"2560\" src=\"https:\/\/huystudios.com\/wp-content\/uploads\/2025\/12\/Untitled-Session1086_DATA-copy.jpeg\" class=\"attachment-woocommerce_thumbnail size-woocommerce_thumbnail\" alt=\"Opal Top\" srcset=\"https:\/\/huystudios.com\/wp-content\/uploads\/2025\/12\/Untitled-Session1086_DATA-copy.jpeg 1921w, https:\/\/huystudios.com\/wp-content\/uploads\/2025\/12\/Untitled-Session1086_DATA-copy-225x300.jpeg 225w, https:\/\/huystudios.com\/wp-content\/uploads\/2025\/12\/Untitled-Session1086_DATA-copy-768x1023.jpeg 768w, https:\/\/huystudios.com\/wp-content\/uploads\/2025\/12\/Untitled-Session1086_DATA-copy-1153x1536.jpeg 1153w, https:\/\/huystudios.com\/wp-content\/uploads\/2025\/12\/Untitled-Session1086_DATA-copy-1537x2048.jpeg 1537w, https:\/\/huystudios.com\/wp-content\/uploads\/2025\/12\/Untitled-Session1086_DATA-copy-9x12.jpeg 9w, https:\/\/huystudios.com\/wp-content\/uploads\/2025\/12\/Untitled-Session1086_DATA-copy-1200x1599.jpeg 1200w, https:\/\/huystudios.com\/wp-content\/uploads\/2025\/12\/Untitled-Session1086_DATA-copy-64x85.jpeg 64w\" sizes=\"(max-width: 1921px) 100vw, 1921px\" \/><h2 class=\"woocommerce-loop-product__title\">Opal Top<\/h2>\n\t<span class=\"price\"><span class=\"wcpbc-price wcpbc-price-21128\" data-product-id=\"21128\"><span class=\"woocommerce-Price-amount amount\"><bdi>1,350,000&nbsp;<span class=\"woocommerce-Price-currencySymbol\">&#8363;<\/span><\/bdi><\/span><\/span><\/span>\n<span class=\"dalya-overlay-gallery-data shop-overlay-gallery-data\" data-product-id=\"21128\" data-images=\"[&quot;https:\\\/\\\/huystudios.com\\\/wp-content\\\/uploads\\\/2025\\\/12\\\/Untitled-Session1086_DATA-copy.jpeg&quot;,&quot;https:\\\/\\\/huystudios.com\\\/wp-content\\\/uploads\\\/2025\\\/12\\\/Untitled-Session1101-copy.jpeg&quot;,&quot;https:\\\/\\\/huystudios.com\\\/wp-content\\\/uploads\\\/2025\\\/12\\\/Untitled-Session1143.jpeg&quot;,&quot;https:\\\/\\\/huystudios.com\\\/wp-content\\\/uploads\\\/2025\\\/12\\\/Untitled-Session1145.jpeg&quot;,&quot;https:\\\/\\\/huystudios.com\\\/wp-content\\\/uploads\\\/2025\\\/12\\\/Untitled-Session1149.jpeg&quot;,&quot;https:\\\/\\\/huystudios.com\\\/wp-content\\\/uploads\\\/2025\\\/12\\\/Untitled-Session1193.jpeg&quot;,&quot;https:\\\/\\\/huystudios.com\\\/wp-content\\\/uploads\\\/2025\\\/12\\\/Untitled-Session1179.jpeg&quot;,&quot;https:\\\/\\\/huystudios.com\\\/wp-content\\\/uploads\\\/2025\\\/12\\\/Untitled-Session1178.jpeg&quot;,&quot;https:\\\/\\\/huystudios.com\\\/wp-content\\\/uploads\\\/2025\\\/12\\\/Untitled-Session1165-copy.jpeg&quot;,&quot;https:\\\/\\\/huystudios.com\\\/wp-content\\\/uploads\\\/2025\\\/12\\\/Untitled-Session0686.jpeg&quot;,&quot;https:\\\/\\\/huystudios.com\\\/wp-content\\\/uploads\\\/2025\\\/12\\\/Untitled-Session0690.jpeg&quot;,&quot;https:\\\/\\\/huystudios.com\\\/wp-content\\\/uploads\\\/2025\\\/12\\\/Untitled-Session0709-copy.jpeg&quot;,&quot;https:\\\/\\\/huystudios.com\\\/wp-content\\\/uploads\\\/2025\\\/12\\\/Untitled-Session0716-copy.jpeg&quot;,&quot;https:\\\/\\\/huystudios.com\\\/wp-content\\\/uploads\\\/2025\\\/12\\\/Untitled-Session0721.jpeg&quot;,&quot;https:\\\/\\\/huystudios.com\\\/wp-content\\\/uploads\\\/2025\\\/12\\\/Untitled-Session07341.jpeg&quot;,&quot;https:\\\/\\\/huystudios.com\\\/wp-content\\\/uploads\\\/2025\\\/12\\\/Untitled-Session0734.jpeg&quot;,&quot;https:\\\/\\\/huystudios.com\\\/wp-content\\\/uploads\\\/2025\\\/12\\\/Untitled-Session0742-copy.jpeg&quot;]\" style=\"display:none !important;\"><\/span><\/a><a href=\"https:\/\/huystudios.com\/vi\/san-pham\/opal-top\/\" aria-describedby=\"woocommerce_loop_add_to_cart_link_describedby_21128\" data-quantity=\"1\" class=\"button product_type_variable add_to_cart_button cfvsw_ajax_add_to_cart\" data-product_id=\"21128\" data-product_sku=\"\" aria-label=\"L\u1ef1a ch\u1ecdn cho \u201cOpal Top\u201d\" rel=\"nofollow\" data-add_to_cart_text=\"Add to Cart\" data-select_options_text=\"L\u1ef1a ch\u1ecdn t\u00f9y ch\u1ecdn\" data-no-translation=\"\" data-trp-gettext=\"\" data-no-translation-aria-label=\"\" data-no-translation-data-select_options_text=\"\">L\u1ef1a ch\u1ecdn t\u00f9y ch\u1ecdn<\/a>\t<span id=\"woocommerce_loop_add_to_cart_link_describedby_21128\" class=\"screen-reader-text\">\n\t\tS\u1ea3n ph\u1ea9m n\u00e0y c\u00f3 nhi\u1ec1u bi\u1ebfn th\u1ec3. C\u00e1c t\u00f9y ch\u1ecdn c\u00f3 th\u1ec3 \u0111\u01b0\u1ee3c ch\u1ecdn tr\u00ean trang s\u1ea3n ph\u1ea9m\t<\/span>\n<\/li>\n<li class=\"product type-product post-21115 status-publish instock product_cat-long-dress product_cat-set product_cat-ss25 product_cat-top has-post-thumbnail taxable shipping-taxable purchasable product-type-variable\">\n\t<a href=\"https:\/\/huystudios.com\/vi\/san-pham\/bra-opal\/\" class=\"woocommerce-LoopProduct-link woocommerce-loop-product__link\"><img decoding=\"async\" width=\"1920\" height=\"2560\" src=\"https:\/\/huystudios.com\/wp-content\/uploads\/2025\/12\/Untitled-Session0571-copy.jpeg\" class=\"attachment-woocommerce_thumbnail size-woocommerce_thumbnail\" alt=\"Bra Opal\" srcset=\"https:\/\/huystudios.com\/wp-content\/uploads\/2025\/12\/Untitled-Session0571-copy.jpeg 1920w, https:\/\/huystudios.com\/wp-content\/uploads\/2025\/12\/Untitled-Session0571-copy-225x300.jpeg 225w, https:\/\/huystudios.com\/wp-content\/uploads\/2025\/12\/Untitled-Session0571-copy-768x1024.jpeg 768w, https:\/\/huystudios.com\/wp-content\/uploads\/2025\/12\/Untitled-Session0571-copy-1152x1536.jpeg 1152w, https:\/\/huystudios.com\/wp-content\/uploads\/2025\/12\/Untitled-Session0571-copy-1536x2048.jpeg 1536w, https:\/\/huystudios.com\/wp-content\/uploads\/2025\/12\/Untitled-Session0571-copy-9x12.jpeg 9w, https:\/\/huystudios.com\/wp-content\/uploads\/2025\/12\/Untitled-Session0571-copy-1200x1600.jpeg 1200w, https:\/\/huystudios.com\/wp-content\/uploads\/2025\/12\/Untitled-Session0571-copy-64x85.jpeg 64w\" sizes=\"(max-width: 1920px) 100vw, 1920px\" \/><h2 class=\"woocommerce-loop-product__title\">Bra Opal<\/h2>\n\t<span class=\"price\"><span class=\"wcpbc-price wcpbc-price-21115\" data-product-id=\"21115\"><span class=\"woocommerce-Price-amount amount\"><bdi>550,000&nbsp;<span class=\"woocommerce-Price-currencySymbol\">&#8363;<\/span><\/bdi><\/span><\/span><\/span>\n<span class=\"dalya-overlay-gallery-data shop-overlay-gallery-data\" data-product-id=\"21115\" data-images=\"[&quot;https:\\\/\\\/huystudios.com\\\/wp-content\\\/uploads\\\/2025\\\/12\\\/Untitled-Session0571-copy.jpeg&quot;,&quot;https:\\\/\\\/huystudios.com\\\/wp-content\\\/uploads\\\/2025\\\/12\\\/Untitled-Session0579-copy.jpeg&quot;,&quot;https:\\\/\\\/huystudios.com\\\/wp-content\\\/uploads\\\/2025\\\/12\\\/Untitled-Session0606.jpeg&quot;,&quot;https:\\\/\\\/huystudios.com\\\/wp-content\\\/uploads\\\/2025\\\/12\\\/Untitled-Session0607.jpeg&quot;,&quot;https:\\\/\\\/huystudios.com\\\/wp-content\\\/uploads\\\/2025\\\/12\\\/Untitled-Session0609.jpeg&quot;,&quot;https:\\\/\\\/huystudios.com\\\/wp-content\\\/uploads\\\/2025\\\/12\\\/Untitled-Session0029-copy.jpeg&quot;,&quot;https:\\\/\\\/huystudios.com\\\/wp-content\\\/uploads\\\/2025\\\/12\\\/Untitled-Session0054-copy.jpeg&quot;,&quot;https:\\\/\\\/huystudios.com\\\/wp-content\\\/uploads\\\/2025\\\/12\\\/Untitled-Session0066-copy.jpeg&quot;]\" style=\"display:none !important;\"><\/span><\/a><a href=\"https:\/\/huystudios.com\/vi\/san-pham\/bra-opal\/\" aria-describedby=\"woocommerce_loop_add_to_cart_link_describedby_21115\" data-quantity=\"1\" class=\"button product_type_variable add_to_cart_button cfvsw_ajax_add_to_cart\" data-product_id=\"21115\" data-product_sku=\"\" aria-label=\"L\u1ef1a ch\u1ecdn cho \u201cBra Opal\u201d\" rel=\"nofollow\" data-add_to_cart_text=\"Add to Cart\" data-select_options_text=\"L\u1ef1a ch\u1ecdn t\u00f9y ch\u1ecdn\" data-no-translation=\"\" data-trp-gettext=\"\" data-no-translation-aria-label=\"\" data-no-translation-data-select_options_text=\"\">L\u1ef1a ch\u1ecdn t\u00f9y ch\u1ecdn<\/a>\t<span id=\"woocommerce_loop_add_to_cart_link_describedby_21115\" class=\"screen-reader-text\">\n\t\tS\u1ea3n ph\u1ea9m n\u00e0y c\u00f3 nhi\u1ec1u bi\u1ebfn th\u1ec3. C\u00e1c t\u00f9y ch\u1ecdn c\u00f3 th\u1ec3 \u0111\u01b0\u1ee3c ch\u1ecdn tr\u00ean trang s\u1ea3n ph\u1ea9m\t<\/span>\n<\/li>\n<\/ul>\n<\/div>\n<\/div>\n\t\t\t\t\t\t<\/div>\n\t\t\t\t<\/div>\n\t\t\t\t<\/div>\n\t\t\t\t<\/div>","protected":false},"excerpt":{"rendered":"","protected":false},"author":1,"featured_media":0,"parent":0,"menu_order":0,"comment_status":"closed","ping_status":"closed","template":"elementor_canvas","meta":{"footnotes":""},"class_list":["post-6073","page","type-page","status-publish","hentry"],"_links":{"self":[{"href":"https:\/\/huystudios.com\/vi\/wp-json\/wp\/v2\/pages\/6073","targetHints":{"allow":["GET"]}}],"collection":[{"href":"https:\/\/huystudios.com\/vi\/wp-json\/wp\/v2\/pages"}],"about":[{"href":"https:\/\/huystudios.com\/vi\/wp-json\/wp\/v2\/types\/page"}],"author":[{"embeddable":true,"href":"https:\/\/huystudios.com\/vi\/wp-json\/wp\/v2\/users\/1"}],"replies":[{"embeddable":true,"href":"https:\/\/huystudios.com\/vi\/wp-json\/wp\/v2\/comments?post=6073"}],"version-history":[{"count":60,"href":"https:\/\/huystudios.com\/vi\/wp-json\/wp\/v2\/pages\/6073\/revisions"}],"predecessor-version":[{"id":19684,"href":"https:\/\/huystudios.com\/vi\/wp-json\/wp\/v2\/pages\/6073\/revisions\/19684"}],"wp:attachment":[{"href":"https:\/\/huystudios.com\/vi\/wp-json\/wp\/v2\/media?parent=6073"}],"curies":[{"name":"wp","href":"https:\/\/api.w.org\/{rel}","templated":true}]}}