{"id":21145,"date":"2025-12-26T11:44:09","date_gmt":"2025-12-26T11:44:09","guid":{"rendered":"https:\/\/huystudios.com\/product\/rhea-dress\/"},"modified":"2025-12-27T07:12:10","modified_gmt":"2025-12-27T07:12:10","slug":"rhea-dress","status":"publish","type":"product","link":"https:\/\/huystudios.com\/vi\/san-pham\/rhea-dress\/","title":{"rendered":"RHEA Dress"},"content":{"rendered":"<p>Rhea t\u1eeb Spandex Jar \u00f4m d\u00e1ng, t\u00e1i hi\u1ec7n<br \/>\ntinh th\u1ea7n g\u1ee3i c\u1ea3m t\u00e1o b\u1ea1o c\u1ee7a cu\u1ed1i th\u1eadp<br \/>\nni\u00ean 1999-2000. Chi ti\u1ebft x\u1ebfp ly t\u1ea1i h\u00f4ng<br \/>\nt\u1ea1o hi\u1ec7u \u1ee9ng draping m\u1ec1m m\u1ea1i, t\u00f4n \u0111\u01b0\u1eddng<br \/>\ncong theo phong c\u00e1ch Paris couture. D\u00e2y<br \/>\nc\u1ed9t d\u00e0i th\u1ea3 xu\u1ed1ng ch\u00e2n l\u00e0 \u0111i\u1ec3m nh\u1ea5n \u0111\u1eb7c<br \/>\ntr\u01b0ng, g\u1ee3i li\u00ean t\u01b0\u1edfng \u0111\u1ebfn nh\u1eefng s\u00e0n di\u1ec5n<br \/>\nParis \u0111\u1ea7u nh\u1eefng n\u0103m 2000 \u2013 n\u01a1i s\u1ef1 sang<br \/>\ntr\u1ecdng g\u1eb7p g\u1ee1 n\u00e9t quy\u1ebfn r\u0169 \u0111\u1ea7y t\u1ef1 do.<\/p>","protected":false},"excerpt":{"rendered":"<p>Rhea t\u1eeb Spandex Jar \u00f4m d\u00e1ng, t\u00e1i hi\u1ec7n tinh th\u1ea7n g\u1ee3i c\u1ea3m t\u00e1o b\u1ea1o c\u1ee7a cu\u1ed1i th\u1eadp ni\u00ean 1999-2000. Chi ti\u1ebft x\u1ebfp ly t\u1ea1i h\u00f4ng t\u1ea1o hi\u1ec7u \u1ee9ng draping m\u1ec1m m\u1ea1i, t\u00f4n \u0111\u01b0\u1eddng cong theo phong c\u00e1ch Paris couture. D\u00e2y\u2026<\/p>","protected":false},"featured_media":21400,"comment_status":"open","ping_status":"closed","template":"","meta":[],"product_brand":[],"product_cat":[15,157,107,159],"product_tag":[],"class_list":{"0":"post-21145","1":"product","2":"type-product","3":"status-publish","4":"has-post-thumbnail","6":"product_cat-dress","7":"product_cat-fw25","8":"product_cat-new-arrivals","9":"product_cat-short-dress","10":"pa_size-m","11":"pa_size-s","12":"pa_size-xs","14":"first","15":"instock","16":"taxable","17":"shipping-taxable","18":"purchasable","19":"product-type-variable"},"_links":{"self":[{"href":"https:\/\/huystudios.com\/vi\/wp-json\/wp\/v2\/product\/21145","targetHints":{"allow":["GET"]}}],"collection":[{"href":"https:\/\/huystudios.com\/vi\/wp-json\/wp\/v2\/product"}],"about":[{"href":"https:\/\/huystudios.com\/vi\/wp-json\/wp\/v2\/types\/product"}],"replies":[{"embeddable":true,"href":"https:\/\/huystudios.com\/vi\/wp-json\/wp\/v2\/comments?post=21145"}],"wp:featuredmedia":[{"embeddable":true,"href":"https:\/\/huystudios.com\/vi\/wp-json\/wp\/v2\/media\/21400"}],"wp:attachment":[{"href":"https:\/\/huystudios.com\/vi\/wp-json\/wp\/v2\/media?parent=21145"}],"wp:term":[{"taxonomy":"product_brand","embeddable":true,"href":"https:\/\/huystudios.com\/vi\/wp-json\/wp\/v2\/product_brand?post=21145"},{"taxonomy":"product_cat","embeddable":true,"href":"https:\/\/huystudios.com\/vi\/wp-json\/wp\/v2\/product_cat?post=21145"},{"taxonomy":"product_tag","embeddable":true,"href":"https:\/\/huystudios.com\/vi\/wp-json\/wp\/v2\/product_tag?post=21145"}],"curies":[{"name":"wp","href":"https:\/\/api.w.org\/{rel}","templated":true}]}}