{"id":21163,"date":"2025-12-26T11:50:41","date_gmt":"2025-12-26T11:50:41","guid":{"rendered":"https:\/\/huystudios.com\/product\/cleo-dress\/"},"modified":"2025-12-27T07:12:10","modified_gmt":"2025-12-27T07:12:10","slug":"cleo-dress","status":"publish","type":"product","link":"https:\/\/huystudios.com\/vi\/san-pham\/cleo-dress\/","title":{"rendered":"Cleo Dress"},"content":{"rendered":"<p>Dress mini t\u1eeb Velveteen Mix Silk b\u1ec1<br \/>\nnhung m\u1eb7t \u0111\u1ee9ng m\u1ecbn. B\u1ec1 m\u1eb7t l\u1ee5a m\u1ec1m m\u01b0\u1ee3t<br \/>\nk\u1ebft h\u1ee3p nhung m\u1edd mang l\u1ea1i chi\u1ec1u s\u00e2u th\u1ecb<br \/>\ngi\u00e1c quy\u1ebfn r\u0169. Thi\u1ebft k\u1ebf \u0111\u01b0\u1ee3c ho\u00e0n thi\u1ec7n v\u1edbi<br \/>\nn\u00fat tay \u0111\u00ednh \u0111\u00e1 l\u1ea5p l\u00e1nh, g\u1ee3i tinh th\u1ea7n<br \/>\nglamour Y2K v\u00e0 \u00e1nh \u0111\u00e8n Paris nightlife \u0111\u1ea7u<br \/>\nnh\u1eefng n\u0103m 2000.<\/p>","protected":false},"excerpt":{"rendered":"<p>Dress mini t\u1eeb Velveteen Mix Silk b\u1ec1 nhung m\u1eb7t \u0111\u1ee9ng m\u1ecbn. B\u1ec1 m\u1eb7t l\u1ee5a m\u1ec1m m\u01b0\u1ee3t k\u1ebft h\u1ee3p nhung m\u1edd mang l\u1ea1i chi\u1ec1u s\u00e2u th\u1ecb gi\u00e1c quy\u1ebfn r\u0169. Thi\u1ebft k\u1ebf \u0111\u01b0\u1ee3c ho\u00e0n thi\u1ec7n v\u1edbi n\u00fat tay \u0111\u00ednh \u0111\u00e1 l\u1ea5p l\u00e1nh,\u2026<\/p>","protected":false},"featured_media":20811,"comment_status":"open","ping_status":"closed","template":"","meta":[],"product_brand":[],"product_cat":[157,107,159],"product_tag":[],"class_list":{"0":"post-21163","1":"product","2":"type-product","3":"status-publish","4":"has-post-thumbnail","6":"product_cat-fw25","7":"product_cat-new-arrivals","8":"product_cat-short-dress","9":"pa_color-black-mix-white","10":"pa_size-m","11":"pa_size-s","12":"pa_size-xs","14":"first","15":"instock","16":"taxable","17":"shipping-taxable","18":"purchasable","19":"product-type-variable"},"_links":{"self":[{"href":"https:\/\/huystudios.com\/vi\/wp-json\/wp\/v2\/product\/21163","targetHints":{"allow":["GET"]}}],"collection":[{"href":"https:\/\/huystudios.com\/vi\/wp-json\/wp\/v2\/product"}],"about":[{"href":"https:\/\/huystudios.com\/vi\/wp-json\/wp\/v2\/types\/product"}],"replies":[{"embeddable":true,"href":"https:\/\/huystudios.com\/vi\/wp-json\/wp\/v2\/comments?post=21163"}],"wp:featuredmedia":[{"embeddable":true,"href":"https:\/\/huystudios.com\/vi\/wp-json\/wp\/v2\/media\/20811"}],"wp:attachment":[{"href":"https:\/\/huystudios.com\/vi\/wp-json\/wp\/v2\/media?parent=21163"}],"wp:term":[{"taxonomy":"product_brand","embeddable":true,"href":"https:\/\/huystudios.com\/vi\/wp-json\/wp\/v2\/product_brand?post=21163"},{"taxonomy":"product_cat","embeddable":true,"href":"https:\/\/huystudios.com\/vi\/wp-json\/wp\/v2\/product_cat?post=21163"},{"taxonomy":"product_tag","embeddable":true,"href":"https:\/\/huystudios.com\/vi\/wp-json\/wp\/v2\/product_tag?post=21163"}],"curies":[{"name":"wp","href":"https:\/\/api.w.org\/{rel}","templated":true}]}}