{"id":21167,"date":"2025-12-26T11:51:47","date_gmt":"2025-12-26T11:51:47","guid":{"rendered":"https:\/\/huystudios.com\/product\/noa-dress\/"},"modified":"2025-12-27T07:12:10","modified_gmt":"2025-12-27T07:12:10","slug":"noa-dress","status":"publish","type":"product","link":"https:\/\/huystudios.com\/vi\/san-pham\/noa-dress\/","title":{"rendered":"Noa Dress"},"content":{"rendered":"<p>Noa Dress s\u1eed d\u1ee5ng ch\u1ea5t li\u1ec7u l\u01b0\u1edbi ph\u1ed1i l\u1ee5a,<br \/>\nt\u1ed1i gi\u1ea3n \u1edf m\u1eb7t tr\u01b0\u1edbc nh\u1eb1m t\u00f4n phom d\u00e1ng<br \/>\nthanh tho\u00e1t. \u0110i\u1ec3m nh\u1ea5n n\u1eb1m \u1edf thi\u1ebft k\u1ebf<br \/>\nkho\u00e9t ch\u1eef V s\u00e2u ph\u00eda sau, \u0111\u01b0\u1ee3c x\u1eed l\u00fd v\u1edbi l\u1edbp<br \/>\nl\u01b0\u1edbi t\u1ea1o h\u00ecnh nh\u01b0 c\u00e1nh b\u01b0\u1edbm, mang c\u1ea3m<br \/>\nh\u1ee9ng couture Paris cu\u1ed1i th\u1eadp ni\u00ean 1999-<br \/>\n2000. Chi ti\u1ebft n\u00e0y v\u1eeba g\u1ee3i c\u1ea3m v\u1eeba tinh t\u1ebf,<br \/>\nt\u00e1i hi\u1ec7n tinh th\u1ea7n sexy sang tr\u1ecdng.<\/p>","protected":false},"excerpt":{"rendered":"<p>Noa Dress s\u1eed d\u1ee5ng ch\u1ea5t li\u1ec7u l\u01b0\u1edbi ph\u1ed1i l\u1ee5a, t\u1ed1i gi\u1ea3n \u1edf m\u1eb7t tr\u01b0\u1edbc nh\u1eb1m t\u00f4n phom d\u00e1ng thanh tho\u00e1t. \u0110i\u1ec3m nh\u1ea5n n\u1eb1m \u1edf thi\u1ebft k\u1ebf kho\u00e9t ch\u1eef V s\u00e2u ph\u00eda sau, \u0111\u01b0\u1ee3c x\u1eed l\u00fd v\u1edbi l\u1edbp l\u01b0\u1edbi t\u1ea1o h\u00ecnh\u2026<\/p>","protected":false},"featured_media":20818,"comment_status":"open","ping_status":"closed","template":"","meta":[],"product_brand":[],"product_cat":[157,107,159],"product_tag":[],"class_list":{"0":"post-21167","1":"product","2":"type-product","3":"status-publish","4":"has-post-thumbnail","6":"product_cat-fw25","7":"product_cat-new-arrivals","8":"product_cat-short-dress","9":"pa_color-black","10":"pa_color-white","11":"pa_size-m","12":"pa_size-s","13":"pa_size-xs","15":"first","16":"instock","17":"taxable","18":"shipping-taxable","19":"purchasable","20":"product-type-variable"},"_links":{"self":[{"href":"https:\/\/huystudios.com\/vi\/wp-json\/wp\/v2\/product\/21167","targetHints":{"allow":["GET"]}}],"collection":[{"href":"https:\/\/huystudios.com\/vi\/wp-json\/wp\/v2\/product"}],"about":[{"href":"https:\/\/huystudios.com\/vi\/wp-json\/wp\/v2\/types\/product"}],"replies":[{"embeddable":true,"href":"https:\/\/huystudios.com\/vi\/wp-json\/wp\/v2\/comments?post=21167"}],"wp:featuredmedia":[{"embeddable":true,"href":"https:\/\/huystudios.com\/vi\/wp-json\/wp\/v2\/media\/20818"}],"wp:attachment":[{"href":"https:\/\/huystudios.com\/vi\/wp-json\/wp\/v2\/media?parent=21167"}],"wp:term":[{"taxonomy":"product_brand","embeddable":true,"href":"https:\/\/huystudios.com\/vi\/wp-json\/wp\/v2\/product_brand?post=21167"},{"taxonomy":"product_cat","embeddable":true,"href":"https:\/\/huystudios.com\/vi\/wp-json\/wp\/v2\/product_cat?post=21167"},{"taxonomy":"product_tag","embeddable":true,"href":"https:\/\/huystudios.com\/vi\/wp-json\/wp\/v2\/product_tag?post=21167"}],"curies":[{"name":"wp","href":"https:\/\/api.w.org\/{rel}","templated":true}]}}