{"id":21188,"date":"2025-12-26T11:57:25","date_gmt":"2025-12-26T11:57:25","guid":{"rendered":"https:\/\/huystudios.com\/product\/nova-dress\/"},"modified":"2025-12-27T07:12:10","modified_gmt":"2025-12-27T07:12:10","slug":"nova-dress","status":"publish","type":"product","link":"https:\/\/huystudios.com\/vi\/san-pham\/nova-dress\/","title":{"rendered":"Nova Dress"},"content":{"rendered":"<p>Nova Dress s\u1eed d\u1ee5ng ch\u1ea5t li\u1ec7u l\u01b0\u1edbi cao c\u1ea5p,<br \/>\nph\u1ed1i tr\u1ee5c ti\u1ebfp v\u1edbi l\u1ee5a \u1edf m\u1eb7t tr\u01b0\u1edbc v\u00e0 ph\u1ea7n<br \/>\nsau t\u1ea1o \u0111\u1ed9 r\u1ee7 m\u1ec1m v\u00e0 chi\u1ec1u s\u00e2u tinh x\u1ea3o.<br \/>\nThi\u1ebft k\u1ebf n\u1ed5i b\u1eadt v\u1edbi x\u1ebfp ly b\u1eb1ng l\u01b0\u1edbi che<br \/>\nm\u1ed9t b\u00ean b\u1eafp tay, mang c\u1ea3m h\u1ee9ng draping<br \/>\ncouture Paris cu\u1ed1i th\u1eadp ni\u00ean 1999-2000.<br \/>\nT\u1eebng v\u00e1y x\u00f2e nh\u1eb9 t\u1ea1o chuy\u1ec3n \u0111\u1ed9ng thanh<br \/>\ntho\u00e1t khi b\u01b0\u1edbc \u0111i, t\u00f4n l\u00ean, tinh t\u1ebf v\u00e0 thu\u1ea7n<br \/>\nkhi\u1ebft c\u1ee7a s\u1eafc tr\u1eafng \u2013 m\u1ed9t bi\u1ec3u t\u01b0\u1ee3ng c\u1ee7a<br \/>\nquiet luxury.<\/p>","protected":false},"excerpt":{"rendered":"<p>Nova Dress s\u1eed d\u1ee5ng ch\u1ea5t li\u1ec7u l\u01b0\u1edbi cao c\u1ea5p, ph\u1ed1i tr\u1ee5c ti\u1ebfp v\u1edbi l\u1ee5a \u1edf m\u1eb7t tr\u01b0\u1edbc v\u00e0 ph\u1ea7n sau t\u1ea1o \u0111\u1ed9 r\u1ee7 m\u1ec1m v\u00e0 chi\u1ec1u s\u00e2u tinh x\u1ea3o. Thi\u1ebft k\u1ebf n\u1ed5i b\u1eadt v\u1edbi x\u1ebfp ly b\u1eb1ng l\u01b0\u1edbi che m\u1ed9t\u2026<\/p>","protected":false},"featured_media":21361,"comment_status":"open","ping_status":"closed","template":"","meta":[],"product_brand":[],"product_cat":[157,158,107],"product_tag":[],"class_list":{"0":"post-21188","1":"product","2":"type-product","3":"status-publish","4":"has-post-thumbnail","6":"product_cat-fw25","7":"product_cat-long-dress","8":"product_cat-new-arrivals","9":"pa_color-black","10":"pa_color-white","11":"pa_size-m","12":"pa_size-s","13":"pa_size-xs","15":"first","16":"instock","17":"taxable","18":"shipping-taxable","19":"purchasable","20":"product-type-variable"},"_links":{"self":[{"href":"https:\/\/huystudios.com\/vi\/wp-json\/wp\/v2\/product\/21188","targetHints":{"allow":["GET"]}}],"collection":[{"href":"https:\/\/huystudios.com\/vi\/wp-json\/wp\/v2\/product"}],"about":[{"href":"https:\/\/huystudios.com\/vi\/wp-json\/wp\/v2\/types\/product"}],"replies":[{"embeddable":true,"href":"https:\/\/huystudios.com\/vi\/wp-json\/wp\/v2\/comments?post=21188"}],"wp:featuredmedia":[{"embeddable":true,"href":"https:\/\/huystudios.com\/vi\/wp-json\/wp\/v2\/media\/21361"}],"wp:attachment":[{"href":"https:\/\/huystudios.com\/vi\/wp-json\/wp\/v2\/media?parent=21188"}],"wp:term":[{"taxonomy":"product_brand","embeddable":true,"href":"https:\/\/huystudios.com\/vi\/wp-json\/wp\/v2\/product_brand?post=21188"},{"taxonomy":"product_cat","embeddable":true,"href":"https:\/\/huystudios.com\/vi\/wp-json\/wp\/v2\/product_cat?post=21188"},{"taxonomy":"product_tag","embeddable":true,"href":"https:\/\/huystudios.com\/vi\/wp-json\/wp\/v2\/product_tag?post=21188"}],"curies":[{"name":"wp","href":"https:\/\/api.w.org\/{rel}","templated":true}]}}