{"id":21195,"date":"2025-12-26T12:02:53","date_gmt":"2025-12-26T12:02:53","guid":{"rendered":"https:\/\/huystudios.com\/?post_type=product&#038;p=21195"},"modified":"2025-12-27T07:12:10","modified_gmt":"2025-12-27T07:12:10","slug":"seren-dress","status":"publish","type":"product","link":"https:\/\/huystudios.com\/vi\/san-pham\/seren-dress\/","title":{"rendered":"Seren Dress"},"content":{"rendered":"<p>Seren Dress v\u1edbi phom x\u00f2e nh\u1eb9, \u0111\u01b0\u1ee3c d\u1ef1ng<br \/>\nd\u00e1ng b\u1eb1ng k\u1ef9 thu\u1eadt r\u00e3 r\u1eadp d\u1ecdc \u1edf m\u1eb7t<br \/>\ntr\u01b0\u1edbc, gi\u00fap \u00f4m v\u00e0 \u0111\u1ecbnh h\u00ecnh silhouette m\u1ed9t<br \/>\nc\u00e1ch chu\u1ea9n x\u00e1c. M\u1eb7t sau l\u00e0 \u0111i\u1ec3m nh\u1ea5n n\u1ed5i<br \/>\nb\u1eadt v\u1edbi thi\u1ebft k\u1ebf kho\u00e9t ch\u1eef V s\u00e2u, g\u1ee3i c\u1ea3m<br \/>\nnh\u01b0ng v\u1eabn gi\u1eef s\u1ef1 tinh t\u1ebf nh\u1edd hai s\u1ee3i d\u00e2y<br \/>\n\u0111\u00ednh \u0111\u00e1 l\u1ea5p l\u00e1nh b\u1eaft vai xu\u1ed1ng m\u00f4ng.<br \/>\nT\u1ed5ng th\u1ec3 mang tinh th\u1ea7n sexy sang tr\u1ecdng<br \/>\nki\u1ec3u Paris cu\u1ed1i th\u1eadp ni\u00ean 1999-2000, v\u1eeba<br \/>\nquy\u1ebfn r\u0169 v\u1eeba \u0111\u1eadm ch\u1ea5t couture.<\/p>","protected":false},"excerpt":{"rendered":"<p>Seren Dress v\u1edbi phom x\u00f2e nh\u1eb9, \u0111\u01b0\u1ee3c d\u1ef1ng d\u00e1ng b\u1eb1ng k\u1ef9 thu\u1eadt r\u00e3 r\u1eadp d\u1ecdc \u1edf m\u1eb7t tr\u01b0\u1edbc, gi\u00fap \u00f4m v\u00e0 \u0111\u1ecbnh h\u00ecnh silhouette m\u1ed9t c\u00e1ch chu\u1ea9n x\u00e1c. M\u1eb7t sau l\u00e0 \u0111i\u1ec3m nh\u1ea5n n\u1ed5i b\u1eadt v\u1edbi thi\u1ebft k\u1ebf kho\u00e9t ch\u1eef\u2026<\/p>","protected":false},"featured_media":21338,"comment_status":"open","ping_status":"closed","template":"","meta":[],"product_brand":[],"product_cat":[157,158,107],"product_tag":[],"class_list":{"0":"post-21195","1":"product","2":"type-product","3":"status-publish","4":"has-post-thumbnail","6":"product_cat-fw25","7":"product_cat-long-dress","8":"product_cat-new-arrivals","9":"pa_color-black","10":"pa_color-white","11":"pa_size-m","12":"pa_size-s","13":"pa_size-xs","15":"first","16":"instock","17":"taxable","18":"shipping-taxable","19":"purchasable","20":"product-type-variable"},"_links":{"self":[{"href":"https:\/\/huystudios.com\/vi\/wp-json\/wp\/v2\/product\/21195","targetHints":{"allow":["GET"]}}],"collection":[{"href":"https:\/\/huystudios.com\/vi\/wp-json\/wp\/v2\/product"}],"about":[{"href":"https:\/\/huystudios.com\/vi\/wp-json\/wp\/v2\/types\/product"}],"replies":[{"embeddable":true,"href":"https:\/\/huystudios.com\/vi\/wp-json\/wp\/v2\/comments?post=21195"}],"wp:featuredmedia":[{"embeddable":true,"href":"https:\/\/huystudios.com\/vi\/wp-json\/wp\/v2\/media\/21338"}],"wp:attachment":[{"href":"https:\/\/huystudios.com\/vi\/wp-json\/wp\/v2\/media?parent=21195"}],"wp:term":[{"taxonomy":"product_brand","embeddable":true,"href":"https:\/\/huystudios.com\/vi\/wp-json\/wp\/v2\/product_brand?post=21195"},{"taxonomy":"product_cat","embeddable":true,"href":"https:\/\/huystudios.com\/vi\/wp-json\/wp\/v2\/product_cat?post=21195"},{"taxonomy":"product_tag","embeddable":true,"href":"https:\/\/huystudios.com\/vi\/wp-json\/wp\/v2\/product_tag?post=21195"}],"curies":[{"name":"wp","href":"https:\/\/api.w.org\/{rel}","templated":true}]}}