{"id":21209,"date":"2025-12-26T12:01:55","date_gmt":"2025-12-26T12:01:55","guid":{"rendered":"https:\/\/huystudios.com\/product\/rea-dress\/"},"modified":"2025-12-27T07:12:10","modified_gmt":"2025-12-27T07:12:10","slug":"rea-dress","status":"publish","type":"product","link":"https:\/\/huystudios.com\/vi\/san-pham\/rea-dress\/","title":{"rendered":"Rea Dress"},"content":{"rendered":"<p>Queen Dress s\u1eed d\u1ee5ng ch\u1ea5t li\u1ec7u l\u1ee5a m\u1ec1m r\u1ee7,<br \/>\nmang l\u1ea1i chuy\u1ec3n \u0111\u1ed9ng nh\u1eb9 nh\u00e0ng v\u00e0 sang<br \/>\ntr\u1ecdng. Thi\u1ebft k\u1ebf c\u1ed5 \u0111\u1ed5 nh\u1eb9 ph\u00eda tr\u01b0\u1edbc g\u1ee3i<br \/>\nc\u1ea3m h\u1ee9ng slip dress Paris cu\u1ed1i th\u1eadp ni\u00ean<br \/>\n1999-2000, t\u1ed1i gi\u1ea3n nh\u01b0ng. \u0110i\u1ec3m nh\u1ea5n n\u1eb1m<br \/>\n\u1edf hai v\u1ea1t ch\u00e9o \u0111\u1ed1i x\u1ee9ng ph\u00eda sau, t\u1ea1o h\u00ecnh<br \/>\nch\u1eef V n\u1ed5i l\u01b0ng, \u0111\u01b0\u1ee3c x\u1eed l\u00fd x\u1ebfp ly b\u1ea3n l\u1edbn<br \/>\nnh\u1eb1m t\u1ea1o \u0111\u1ed9 ph\u1ed3ng v\u00e0 r\u1ee7 uy\u1ec3n chuy\u1ec3n.<br \/>\nT\u1ed5ng th\u1ec3 to\u00e1t l\u00ean v\u1ebb thanh l\u1ecbch, g\u1ee3i c\u1ea3m k\u00edn<br \/>\n\u0111\u00e1o v\u00e0 \u0111\u1eadm tinh th\u1ea7n quiet luxury.<\/p>","protected":false},"excerpt":{"rendered":"<p>Queen Dress s\u1eed d\u1ee5ng ch\u1ea5t li\u1ec7u l\u1ee5a m\u1ec1m r\u1ee7, mang l\u1ea1i chuy\u1ec3n \u0111\u1ed9ng nh\u1eb9 nh\u00e0ng v\u00e0 sang tr\u1ecdng. Thi\u1ebft k\u1ebf c\u1ed5 \u0111\u1ed5 nh\u1eb9 ph\u00eda tr\u01b0\u1edbc g\u1ee3i c\u1ea3m h\u1ee9ng slip dress Paris cu\u1ed1i th\u1eadp ni\u00ean 1999-2000, t\u1ed1i gi\u1ea3n nh\u01b0ng. \u0110i\u1ec3m nh\u1ea5n\u2026<\/p>","protected":false},"featured_media":21341,"comment_status":"open","ping_status":"closed","template":"","meta":[],"product_brand":[],"product_cat":[157,158,107],"product_tag":[],"class_list":{"0":"post-21209","1":"product","2":"type-product","3":"status-publish","4":"has-post-thumbnail","6":"product_cat-fw25","7":"product_cat-long-dress","8":"product_cat-new-arrivals","9":"pa_color-black-mix-white","10":"pa_size-m","11":"pa_size-s","12":"pa_size-xs","14":"first","15":"instock","16":"taxable","17":"shipping-taxable","18":"purchasable","19":"product-type-variable"},"_links":{"self":[{"href":"https:\/\/huystudios.com\/vi\/wp-json\/wp\/v2\/product\/21209","targetHints":{"allow":["GET"]}}],"collection":[{"href":"https:\/\/huystudios.com\/vi\/wp-json\/wp\/v2\/product"}],"about":[{"href":"https:\/\/huystudios.com\/vi\/wp-json\/wp\/v2\/types\/product"}],"replies":[{"embeddable":true,"href":"https:\/\/huystudios.com\/vi\/wp-json\/wp\/v2\/comments?post=21209"}],"wp:featuredmedia":[{"embeddable":true,"href":"https:\/\/huystudios.com\/vi\/wp-json\/wp\/v2\/media\/21341"}],"wp:attachment":[{"href":"https:\/\/huystudios.com\/vi\/wp-json\/wp\/v2\/media?parent=21209"}],"wp:term":[{"taxonomy":"product_brand","embeddable":true,"href":"https:\/\/huystudios.com\/vi\/wp-json\/wp\/v2\/product_brand?post=21209"},{"taxonomy":"product_cat","embeddable":true,"href":"https:\/\/huystudios.com\/vi\/wp-json\/wp\/v2\/product_cat?post=21209"},{"taxonomy":"product_tag","embeddable":true,"href":"https:\/\/huystudios.com\/vi\/wp-json\/wp\/v2\/product_tag?post=21209"}],"curies":[{"name":"wp","href":"https:\/\/api.w.org\/{rel}","templated":true}]}}